{"id":768,"date":"2023-07-07T17:39:48","date_gmt":"2023-07-07T15:39:48","guid":{"rendered":"https:\/\/studio-maracajou.fr\/index.php\/studio-maracajou_2023-copy\/"},"modified":"2023-07-07T17:44:13","modified_gmt":"2023-07-07T15:44:13","slug":"8-juillet_-one-page-website-copy-copy-copy-2-2","status":"publish","type":"page","link":"https:\/\/studio-maracajou.fr\/index.php\/8-juillet_-one-page-website-copy-copy-copy-2-2\/","title":{"rendered":"Studio Maracajou_2023 Copy"},"content":{"rendered":"<!--themify_builder_static--><img loading=\"lazy\" decoding=\"async\" loading=\"lazy\" src=\"https:\/\/studio-maracajou.fr\/wp-content\/uploads\/2023\/07\/MARACAJOU_FINAL_police-blanche-310x260.png\" width=\"310\" height=\"260\" title=\"MARACAJOU_FINAL_police blanche\" alt=\"MARACAJOU_FINAL_police blanche\" srcset=\"https:\/\/studio-maracajou.fr\/wp-content\/uploads\/2023\/07\/MARACAJOU_FINAL_police-blanche-310x260.png 310w, https:\/\/studio-maracajou.fr\/wp-content\/uploads\/2023\/07\/MARACAJOU_FINAL_police-blanche-300x252.png 300w, https:\/\/studio-maracajou.fr\/wp-content\/uploads\/2023\/07\/MARACAJOU_FINAL_police-blanche-768x646.png 768w, https:\/\/studio-maracajou.fr\/wp-content\/uploads\/2023\/07\/MARACAJOU_FINAL_police-blanche.png 955w\" sizes=\"auto, (max-width: 310px) 100vw, 310px\" \/>\n<h1 style=\"text-align: center;\"><strong>Production audiovisuelle<br \/><\/strong><\/h1>\n<p><b>Studio Maracajou<\/b> est une soci\u00e9t\u00e9 de <b>production audiovisuelle<\/b> cr\u00e9\u00e9e pour accompagner les acteurs du <b>monde agricole<\/b> (agriculteurs, paysans, centres de formation, associations et institutions) et de la <b>transition<\/b> \u00e9cologique, sociale et \u00e9conomique ( artisans, associations, entreprises, collectivit\u00e9s, instituts de recherche) \u00e0 communiquer sur leurs activit\u00e9s et valoriser leurs initiatives.<\/p>\n<p>Les dimensions esth\u00e9tiques et musicales \u00e9tant \u00e0 la base de la cr\u00e9ation de la structure, Studio Maracajou a \u00e9galement vocation \u00e0 travailler avec les acteurs du monde <b>artistique<\/b> et <b>culturel<\/b> pour les aider \u00e0 transmettre leur passion.<\/p>\n<p><b>Vid\u00e9os <\/b>institutionnelles, capsules en <strong>motion design<\/strong>, documentaire ou reportage, clips musicaux, vid\u00e9os p\u00e9dagogiques : discutons ensemble du format qui conviendrait le mieux pour concr\u00e9tiser votre projet.<b><br><\/b><\/p>\n<em style=\"color:#ffffff\"><svg aria-hidden=\"true\"><use href=\"#tf-ti-pulse\"><\/use><\/svg><\/em> <h3> Animations <\/h3> <p>Donnez vie \u00e0 vos id\u00e9es avec le motion design pour communiquer \u00e0 travers des animations dynamiques<\/p>\n<em style=\"color:#ffffff\"><svg aria-hidden=\"true\"><use href=\"#tf-ti-video-clapper\"><\/use><\/svg><\/em> <h3> Vid\u00e9os et captations <\/h3> <p>Du mat\u00e9riel professionnel (Cam\u00e9ras 4k, gimbal, drone, micros adapt\u00e9s) pour des images et un rendu de qualit\u00e9 <\/p>\n<em style=\"color:#ffffff\"><svg aria-hidden=\"true\"><use href=\"#tf-ti-music-alt\"><\/use><\/svg><\/em> <h3> Bande sonore <\/h3> <p>Sur mesure, compos\u00e9e pour vous, ou s\u00e9lectionn\u00e9e pour repr\u00e9senter au mieux ce que vous \u00eates<\/p>\n<h2>R\u00c9ALISATIONS<br\/><\/h2>\n<p>Quelques exemples de r\u00e9alisations r\u00e9centes<\/p>\n\n\n\n\n\n<img loading=\"lazy\" decoding=\"async\" loading=\"lazy\" width=\"955\" height=\"803\" src=\"https:\/\/studio-maracajou.fr\/wp-content\/uploads\/2023\/07\/MARACAJOU_FINAL_police-blanche.png\" title=\"MARACAJOU_FINAL_police blanche\" alt=\"MARACAJOU_FINAL_police blanche\" srcset=\"https:\/\/studio-maracajou.fr\/wp-content\/uploads\/2023\/07\/MARACAJOU_FINAL_police-blanche.png 955w, https:\/\/studio-maracajou.fr\/wp-content\/uploads\/2023\/07\/MARACAJOU_FINAL_police-blanche-300x252.png 300w, https:\/\/studio-maracajou.fr\/wp-content\/uploads\/2023\/07\/MARACAJOU_FINAL_police-blanche-768x646.png 768w, https:\/\/studio-maracajou.fr\/wp-content\/uploads\/2023\/07\/MARACAJOU_FINAL_police-blanche-310x260.png 310w\" sizes=\"auto, (max-width: 955px) 100vw, 955px\" \/>\n<h1 style=\"text-align: center;\"><strong>CONTACT<\/strong><\/h1>\n<p style=\"text-align: center;\">Si vous avez des questions, si vous souhaitez concr\u00e9tiser un projet, voici mes coordonn\u00e9es :<\/p>\n<em style=\"color: #ffffff\"><svg aria-hidden=\"true\"><use href=\"#tf-fas-house-user\"><\/use><\/svg><\/em>\n<img loading=\"lazy\" decoding=\"async\" loading=\"lazy\" width=\"1135\" height=\"93\" src=\"https:\/\/studio-maracajou.fr\/wp-content\/uploads\/2023\/07\/Antoine-Charny-Brunet.png\" title=\"Antoine Charny-Brunet\" alt=\"Antoine Charny-Brunet\" srcset=\"https:\/\/studio-maracajou.fr\/wp-content\/uploads\/2023\/07\/Antoine-Charny-Brunet.png 1135w, https:\/\/studio-maracajou.fr\/wp-content\/uploads\/2023\/07\/Antoine-Charny-Brunet-300x25.png 300w, https:\/\/studio-maracajou.fr\/wp-content\/uploads\/2023\/07\/Antoine-Charny-Brunet-1024x84.png 1024w, https:\/\/studio-maracajou.fr\/wp-content\/uploads\/2023\/07\/Antoine-Charny-Brunet-768x63.png 768w\" sizes=\"auto, (max-width: 1135px) 100vw, 1135px\" \/>\n<img loading=\"lazy\" decoding=\"async\" loading=\"lazy\" width=\"881\" height=\"99\" src=\"https:\/\/studio-maracajou.fr\/wp-content\/uploads\/2023\/07\/sie\u0300ge-die-dro\u0302me.png\" title=\"sie\u0300ge die dro\u0302me\" alt=\"sie\u0300ge die dro\u0302me\" srcset=\"https:\/\/studio-maracajou.fr\/wp-content\/uploads\/2023\/07\/sie\u0300ge-die-dro\u0302me.png 881w, https:\/\/studio-maracajou.fr\/wp-content\/uploads\/2023\/07\/sie\u0300ge-die-dro\u0302me-300x34.png 300w, https:\/\/studio-maracajou.fr\/wp-content\/uploads\/2023\/07\/sie\u0300ge-die-dro\u0302me-768x86.png 768w\" sizes=\"auto, (max-width: 881px) 100vw, 881px\" \/>\n<img loading=\"lazy\" decoding=\"async\" loading=\"lazy\" width=\"329\" height=\"74\" src=\"https:\/\/studio-maracajou.fr\/wp-content\/uploads\/2023\/07\/France.png\" title=\"France\" alt=\"France\" srcset=\"https:\/\/studio-maracajou.fr\/wp-content\/uploads\/2023\/07\/France.png 329w, https:\/\/studio-maracajou.fr\/wp-content\/uploads\/2023\/07\/France-300x67.png 300w\" sizes=\"auto, (max-width: 329px) 100vw, 329px\" \/>\n<em style=\"color: #ffffff\"><svg aria-hidden=\"true\"><use href=\"#tf-fas-phone\"><\/use><\/svg><\/em>\n<img loading=\"lazy\" decoding=\"async\" loading=\"lazy\" width=\"709\" height=\"76\" src=\"https:\/\/studio-maracajou.fr\/wp-content\/uploads\/2023\/07\/numero-tel-Helvetica.png\" title=\"numero tel Helvetica\" alt=\"numero tel Helvetica\" srcset=\"https:\/\/studio-maracajou.fr\/wp-content\/uploads\/2023\/07\/numero-tel-Helvetica.png 709w, https:\/\/studio-maracajou.fr\/wp-content\/uploads\/2023\/07\/numero-tel-Helvetica-300x32.png 300w\" sizes=\"auto, (max-width: 709px) 100vw, 709px\" \/>\n<em><svg aria-hidden=\"true\"><use href=\"#tf-ti-email\"><\/use><\/svg><\/em>\n<img loading=\"lazy\" decoding=\"async\" loading=\"lazy\" width=\"1431\" height=\"92\" src=\"https:\/\/studio-maracajou.fr\/wp-content\/uploads\/2023\/07\/adresse-mail-helvetica-1.png\" title=\"adresse mail helvetica\" alt=\"adresse mail helvetica\" srcset=\"https:\/\/studio-maracajou.fr\/wp-content\/uploads\/2023\/07\/adresse-mail-helvetica-1.png 1431w, https:\/\/studio-maracajou.fr\/wp-content\/uploads\/2023\/07\/adresse-mail-helvetica-1-300x19.png 300w, https:\/\/studio-maracajou.fr\/wp-content\/uploads\/2023\/07\/adresse-mail-helvetica-1-1024x66.png 1024w, https:\/\/studio-maracajou.fr\/wp-content\/uploads\/2023\/07\/adresse-mail-helvetica-1-768x49.png 768w\" sizes=\"auto, (max-width: 1431px) 100vw, 1431px\" \/><!--\/themify_builder_static-->","protected":false},"excerpt":{"rendered":"<p>Production audiovisuelle Studio Maracajou est une soci\u00e9t\u00e9 de production audiovisuelle cr\u00e9\u00e9e pour accompagner les acteurs du monde agricole (agriculteurs, paysans, centres de formation, associations et institutions) et de la transition \u00e9cologique, sociale et \u00e9conomique ( artisans, associations, entreprises, collectivit\u00e9s, instituts de recherche) \u00e0 communiquer sur leurs activit\u00e9s et valoriser leurs initiatives. Les dimensions esth\u00e9tiques et musicales \u00e9tant \u00e0 la base de la cr\u00e9ation de la structure, Studio Maracajou a \u00e9galement vocation \u00e0 travailler avec les acteurs du monde artistique et culturel pour les aider \u00e0 transmettre leur passion. Vid\u00e9os institutionnelles, capsules en motion design, documentaire ou reportage, clips musicaux, vid\u00e9os p\u00e9dagogiques : discutons ensemble du format qui conviendrait le mieux pour concr\u00e9tiser votre projet. Animations Donnez vie \u00e0 vos id\u00e9es avec le motion design pour communiquer \u00e0 travers des animations dynamiques Vid\u00e9os et captations Du mat\u00e9riel professionnel (Cam\u00e9ras 4k, gimbal, drone, micros adapt\u00e9s) pour des images et un rendu de qualit\u00e9 Bande sonore Sur mesure, compos\u00e9e pour vous, ou s\u00e9lectionn\u00e9e pour repr\u00e9senter au mieux ce que vous \u00eates R\u00c9ALISATIONS Quelques exemples de r\u00e9alisations r\u00e9centes CONTACT Si vous avez des questions, si vous souhaitez concr\u00e9tiser un projet, voici mes coordonn\u00e9es :<\/p>\n","protected":false},"author":1,"featured_media":0,"parent":0,"menu_order":0,"comment_status":"closed","ping_status":"closed","template":"","meta":{"_vp_format_video_url":"","_vp_image_focal_point":[],"footnotes":""},"class_list":["post-768","page","type-page","status-publish","hentry"],"_links":{"self":[{"href":"https:\/\/studio-maracajou.fr\/index.php\/wp-json\/wp\/v2\/pages\/768","targetHints":{"allow":["GET"]}}],"collection":[{"href":"https:\/\/studio-maracajou.fr\/index.php\/wp-json\/wp\/v2\/pages"}],"about":[{"href":"https:\/\/studio-maracajou.fr\/index.php\/wp-json\/wp\/v2\/types\/page"}],"author":[{"embeddable":true,"href":"https:\/\/studio-maracajou.fr\/index.php\/wp-json\/wp\/v2\/users\/1"}],"replies":[{"embeddable":true,"href":"https:\/\/studio-maracajou.fr\/index.php\/wp-json\/wp\/v2\/comments?post=768"}],"version-history":[{"count":3,"href":"https:\/\/studio-maracajou.fr\/index.php\/wp-json\/wp\/v2\/pages\/768\/revisions"}],"predecessor-version":[{"id":772,"href":"https:\/\/studio-maracajou.fr\/index.php\/wp-json\/wp\/v2\/pages\/768\/revisions\/772"}],"wp:attachment":[{"href":"https:\/\/studio-maracajou.fr\/index.php\/wp-json\/wp\/v2\/media?parent=768"}],"curies":[{"name":"wp","href":"https:\/\/api.w.org\/{rel}","templated":true}]}}